{"id":61,"date":"2014-07-17T18:20:56","date_gmt":"2014-07-17T22:20:56","guid":{"rendered":"http:\/\/www.competethemes.com\/tracks-two-column-demo\/?page_id=61"},"modified":"2020-02-28T14:46:31","modified_gmt":"2020-02-28T14:46:31","slug":"about","status":"publish","type":"page","link":"https:\/\/ss-cg.org\/?page_id=61","title":{"rendered":"O Savezu"},"content":{"rendered":"<p>Savez slijepih Crne Gore je nevladina i neprofitna organizacija osoba sa invaliditetom, koja okuplja oko 1000 osoba sa o\u0161te\u0107enjem vida koje su u\u010dlanjene u osam lokalnih organizacija slijepih, koje pokrivaju podru\u010dje svih 21 op\u0161tine u na\u0161oj zemlji. Savez je osnovan 11. aprila 1947. godine na Cetinju, a sada\u0161nje sjedi\u0161te je u Podgorici \u2013 Ul. Njego\u0161eva br. 6. Upisan je u registar nevladinih udru\u017eenja kod Ministarstva unutra\u0161njih poslova i javne uprave Crne Gore dana 18.02.2000. pod rednim brojem 477.<\/p>\n<p>Savez ima svoje rukovodne, izvr\u0161ne i nadzorne organe, stalna i povremena radna tijela, predsjednika i izvr\u0161nog direktora. Administrativne, finansijske i druge stru\u010dne poslove, obavlja profesionalna slu\u017eba, anga\u017eovani stru\u010dnjaci, kao i jedan broj volonterskih funkcionera, saradnika i drugih aktivista. Struktura\u00a0 odnosi i funkcionisanje Saveza slijepih Crne Gore utvrdjeni su Statutom kao osnovnim pravnim aktom, kao i nizom Pravilnika kao \u0161to su: Pravilnik o sistematizaciji i unutra\u0161njoj organizaciji stru\u010dne slu\u017ebe, Pravilniku o naknadama i drugim zaradama i drugim pravilnicima. Rad Saveza odvija se po programu i finansijskom planu, koje utvr\u0111uje Skup\u0161tina kao najvi\u0161i organ Saveza za svaku godinu. Do 2000, godine, Savez je imao status Udru\u017eenja gra\u0111ana i imao je sistemski rije\u0161eno finansiranje od strane dr\u017eave. Ta \u010dinjenica rezultirala je uspostavljanje zna\u010dajnih ustaljenih aktivnosti koje je uz manje ili vi\u0161e modifikacija sprovodio dugi niz godina. Nakon promjene statusa u nevladinu organizaciju, prestalo je\u00a0 sistemsko finansiranje, ali\u00a0 zahvaljuju\u0107i\u00a0 anga\u017eovanju na prikupljanju sredstava\u00a0 na konkursima za projekte nevladinih organizacija i dijelom sopstvenim prihodima odr\u017ean je kontinuitet u funkcionisanju organizacije.<\/p>\n<p>Vizija SSCG: Osobe o\u0161te\u0107enog vida: osna\u017eene, integrisane, i uklju\u010dene u dru\u0161tvo.<\/p>\n<p>Misija SSCG je uklju\u010denost osoba o\u0161te\u0107enog vida kroz podsticanje i sprovo\u0111enje aktivnosti koje isti\u010du sposobnosti\u00a0 i ja\u010daju njihovu li\u010dnost u dru\u0161tvenoj zajednici.<\/p>\n<p>U prethodnih vi\u0161e od 70 godina Savez je radio na pobolj\u0161anju ciljeva:<\/p>\n<ul>\n<li>Pru\u017eanju \u00a0podr\u0161ke i podsticanju \u010dlanova da se \u0161koluju i posti\u017eu \u0161to ve\u0107i stepen obrazovanja;<\/li>\n<li>Pru\u017eanju podr\u0161ke i pomo\u0107i pri zapo\u0161ljavanju;<\/li>\n<li>Nabavci i distribuiranju tiflotehni\u010dkih pomagala za ra\u010dun\u00a0 Fonda PIO, a kasnije Fonda zdravstva i to onih\u00a0 koje je dr\u017eava kroz ova dva sistema\u00a0 finansirala;<\/li>\n<li>Omogu\u0107avanju\u00a0 besplatnog ili po povoljnim uslovima, odmora na moru ili planini;<\/li>\n<li>Organizovanju\u00a0 velikog broja kulturnih doga\u0111aja\u00a0 na kojima su u\u010destvovale osobe sa o\u0161te\u0107enim vidom, kao \u0161to su knji\u017eevne ve\u010deri, muzi\u010dki koncerti, izlo\u017ebe ru\u010dnih radovai sli\u010dno;<\/li>\n<li>Organizovanju\u00a0 sportskih aktivnosti i takmi\u010denja me\u0111u kojima je do sada odr\u017eanih 54 \u0161ahovska prvenstava\u00a0 i 47 atletskih prvenstava osoba sa o\u0161te\u0107enim vidom;<\/li>\n<li>Izdavanju brajevih i audio \u010dasopisa me\u0111u kojima je najzna\u010dajniji audio \u010dasopis \u201eZvu\u010dna revija\u201c koja izlazi ve\u0107 4 decenije kao mjese\u010dni \u010dasopis. Ovaj \u010dasopis je ranije izdavan na audio kasetama,\u00a0 a od prije par godina na CD-u u mp3 formatu.<\/li>\n<\/ul>\n<p>Osim navedenih\u00a0 aktivnosti, Savez je\u00a0 tokom cijelog perioda postojanja stavljao veliki akcenat na me\u0111unarodnu\u00a0 saradnju. Savez je \u010dlan Evropskog i Svjetskog Saveza slijepih, ima predstavnike u nekoliko komisija Evropskog Saveza slijepih, a jedan je i od \u010dlanova Balkanskog konsultativnog komiteta koji egzistira unutar Evropskog Saveza vi\u0161e od dvije decenije, i \u010dlan Mre\u017ee za zastupanje Zapadnog Balkana. Tako\u0111e, Savez je i \u010dlan IBCA-e(International-Braille-Chess-Association), i Koalicije Saradnjom do cilja na nivou Crne Gore.<\/p>\n<p>Organi Saveza slijepih su: Skup\u0161tina, Upravni i Nadzorni odbor. Skup\u0161tina je najve\u0107i organ Saveza, a sastavljena je od 16 \u010dlanova\u00a0 tj. od po 2 predstavnika svake od 8 lokalnih organizacija slijepih.<\/p>\n<p>U pro\u0161loj godini odr\u017eane su 4 sjednice Upravnog odbora, 2 sjednice Skup\u0161tine i 1 sjednica Nadzornog odbora.<\/p>\n<p>Stru\u010dnom slu\u017ebom rukovodi Izvr\u0161ni direktor koji je profesionalno zaposlen u Savezu. Osim izvr\u0161nog direktora u stru\u010dnoj slu\u017ebi je trenutno zaposleno po Ugovoru o radu jo\u0161 20 osoba.<\/p>\n<p>Rad stru\u010dne slu\u017ebe se odvija u slu\u017ebenim prostorijama koje se nalaze u Ul. Njego\u0161eva br. 6, Podgorica, koje su u vlasni\u0161tvu Saveza i koje su opremljene svom potrebnom tehni\u010dkom i drugom opremom za nesmetan rad.<\/p>\n<p><b><div class=\"sfsi_widget sfsi_shortcode_container\"><div id=\"sfsi_wDiv\"><\/div><div class=\"norm_row sfsi_wDiv \"  style=\"width:225px;text-align:left;\"><div style='width:40px; height:40px;margin-left:5px;margin-bottom:5px; ' class='sfsi_wicons shuffeldiv ' ><div class='inerCnt'><a class=' sficn' data-effect='' target='_blank'  href='' id='sfsiid_facebook' style='opacity:1'  ><img data-pin-nopin='true' alt='Facebook' title='Facebook' src='https:\/\/ss-cg.org\/wp-content\/plugins\/ultimate-social-media-icons\/images\/icons_theme\/default\/default_facebook.png' width='40' height='40' style='' class='sfcm sfsi_wicon ' data-effect=''   \/><\/a><div class=\"sfsi_tool_tip_2 fb_tool_bdr sfsiTlleft\" style=\"width:62px ;opacity:0;z-index:-1;margin-left:-47.5px;\" id=\"sfsiid_facebook\"><span class=\"bot_arow bot_fb_arow\"><\/span><div class=\"sfsi_inside\"><div  class='icon3'><a href='https:\/\/www.facebook.com\/sharer\/sharer.php?u=https%3A%2F%2Fss-cg.org%2F%3Fpage_id%3D61' style='display:inline-block;'  > <img class='sfsi_wicon'  data-pin-nopin='true' width='auto' height='auto' alt='fb-share-icon' title='Facebook Share' src='https:\/\/ss-cg.org\/wp-content\/plugins\/ultimate-social-media-icons\/images\/visit_icons\/fbshare_bck.png'  \/><\/a><\/div><\/div><\/div><\/div><\/div><div style='width:40px; height:40px;margin-left:5px;margin-bottom:5px; ' class='sfsi_wicons shuffeldiv ' ><div class='inerCnt'><a class=' sficn' data-effect='' target='_blank'  href='' id='sfsiid_twitter' style='opacity:1'  ><img data-pin-nopin='true' alt='Twitter' title='Twitter' src='https:\/\/ss-cg.org\/wp-content\/plugins\/ultimate-social-media-icons\/images\/icons_theme\/default\/default_twitter.png' width='40' height='40' style='' class='sfcm sfsi_wicon ' data-effect=''   \/><\/a><div class=\"sfsi_tool_tip_2 twt_tool_bdr sfsiTlleft\" style=\"width:59px ;opacity:0;z-index:-1;margin-left:-46px;\" id=\"sfsiid_twitter\"><span class=\"bot_arow bot_twt_arow\"><\/span><div class=\"sfsi_inside\"><div  class='icon2'><div class='sf_twiter' style='display: inline-block;vertical-align: middle;width: auto;'>\r\n\t\t\t\t\t\t<a href='https:\/\/twitter.com\/intent\/tweet?text=Hey%2C+check+out+this+cool+site+I+found%3A+www.yourname.com+%23Topic+via%40my_twitter_name https:\/\/ss-cg.org\/?page_id=61'style='display:inline-block' >\r\n\t\t\t\t\t\t\t<img nopin=nopin width='auto' class='sfsi_wicon' src='https:\/\/ss-cg.org\/wp-content\/plugins\/ultimate-social-media-icons\/images\/visit_icons\/en_US_Tweet.svg' alt='Tweet' title='Tweet' >\r\n\t\t\t\t\t\t<\/a>\r\n\t\t\t\t\t<\/div><\/div><\/div><\/div><\/div><\/div><div style='width:40px; height:40px;margin-left:5px;margin-bottom:5px; ' class='sfsi_wicons shuffeldiv ' ><div class='inerCnt'><a class=' sficn' data-effect='' target='_blank'  href='https:\/\/www.youtube.com\/channel\/UCxPCgnhZt8trEhfz9L0RsYA' id='sfsiid_youtube' style='opacity:1'  ><img data-pin-nopin='true' alt='YouTube' title='YouTube' src='https:\/\/ss-cg.org\/wp-content\/plugins\/ultimate-social-media-icons\/images\/icons_theme\/default\/default_youtube.png' width='40' height='40' style='' class='sfcm sfsi_wicon ' data-effect=''   \/><\/a><\/div><\/div><\/div ><div id=\"sfsi_holder\" class=\"sfsi_holders\" style=\"position: relative; float: left;width:100%;z-index:-1;\"><\/div ><script>window.addEventListener(\"sfsi_functions_loaded\", function() \r\n\t{\r\n\t\tif (typeof sfsi_widget_set == \"function\") {\r\n\t\t\tsfsi_widget_set();\r\n\t\t}\r\n\t}); <\/script><div style=\"clear: both;\"><\/div><\/div><\/b><\/p>\n","protected":false},"excerpt":{"rendered":"<p>Savez slijepih Crne Gore je nevladina i neprofitna organizacija osoba sa invaliditetom, koja okuplja oko 1000 osoba sa o\u0161te\u0107enjem vida koje su u\u010dlanjene u osam&#8230;<\/p>\n<div class=\"more-link-wrapper\"><a class=\"more-link\" href=\"https:\/\/ss-cg.org\/?page_id=61\">Op\u0161irnije<span class=\"screen-reader-text\">O Savezu<\/span><\/a><\/div>\n","protected":false},"author":1,"featured_media":0,"parent":0,"menu_order":0,"comment_status":"closed","ping_status":"closed","template":"","meta":{"footnotes":""},"class_list":["post-61","page","type-page","status-publish","hentry","ratio-2-1","entry"],"_links":{"self":[{"href":"https:\/\/ss-cg.org\/index.php?rest_route=\/wp\/v2\/pages\/61","targetHints":{"allow":["GET"]}}],"collection":[{"href":"https:\/\/ss-cg.org\/index.php?rest_route=\/wp\/v2\/pages"}],"about":[{"href":"https:\/\/ss-cg.org\/index.php?rest_route=\/wp\/v2\/types\/page"}],"author":[{"embeddable":true,"href":"https:\/\/ss-cg.org\/index.php?rest_route=\/wp\/v2\/users\/1"}],"replies":[{"embeddable":true,"href":"https:\/\/ss-cg.org\/index.php?rest_route=%2Fwp%2Fv2%2Fcomments&post=61"}],"version-history":[{"count":2,"href":"https:\/\/ss-cg.org\/index.php?rest_route=\/wp\/v2\/pages\/61\/revisions"}],"predecessor-version":[{"id":151,"href":"https:\/\/ss-cg.org\/index.php?rest_route=\/wp\/v2\/pages\/61\/revisions\/151"}],"wp:attachment":[{"href":"https:\/\/ss-cg.org\/index.php?rest_route=%2Fwp%2Fv2%2Fmedia&parent=61"}],"curies":[{"name":"wp","href":"https:\/\/api.w.org\/{rel}","templated":true}]}}