{"id":221,"date":"2020-02-29T14:47:52","date_gmt":"2020-02-29T14:47:52","guid":{"rendered":"https:\/\/ss-cg.org\/?page_id=221"},"modified":"2020-04-07T15:19:49","modified_gmt":"2020-04-07T15:19:49","slug":"organizacija-slijepih-za-pljevlja-i-zabljak","status":"publish","type":"page","link":"https:\/\/ss-cg.org\/?page_id=221","title":{"rendered":"Organizacija slijepih za Pljevlja i \u017dabljak"},"content":{"rendered":"<p>&nbsp;<\/p>\n<p>&nbsp;<\/p>\n<table>\n<tbody>\n<tr>\n<td width=\"310\">Naziv organizacije<\/td>\n<td width=\"332\">NVO Organizacija slijepih za Pljevlja i \u017dabljak<\/td>\n<\/tr>\n<tr>\n<td width=\"310\">Adresa<\/td>\n<td width=\"332\">Ul.Pavla Bulatovi\u0107a bb-SD Ada, 84 210 Pljevlja<\/td>\n<\/tr>\n<tr>\n<td width=\"310\">PIB<\/td>\n<td width=\"332\">02023857<\/td>\n<\/tr>\n<tr>\n<td width=\"310\">Reg. broj<\/td>\n<td width=\"332\">435<\/td>\n<\/tr>\n<tr>\n<td width=\"310\">Predsjednica organizacije<\/td>\n<td width=\"332\">\u017dana \u0110a\u010di\u0107<\/td>\n<\/tr>\n<tr>\n<td width=\"310\">Broj zaposlenih<\/td>\n<td width=\"332\">2 osobe u stalnom radnom odnosu<\/td>\n<\/tr>\n<tr>\n<td width=\"310\">Kontakt telefon<\/td>\n<td width=\"332\">052-321-817 i 067-301-902<\/td>\n<\/tr>\n<tr>\n<td width=\"310\">E-mail<\/td>\n<td width=\"332\"><a href=\"mailto:orgaspv@gmail.com\">orgaspv@gmail.com<\/a><\/td>\n<\/tr>\n<tr>\n<td width=\"310\">Datum osnivanja<\/td>\n<td width=\"332\">16.04.1948.<\/td>\n<\/tr>\n<tr>\n<td width=\"310\">Djelatnost<\/td>\n<td width=\"332\">Nevladino, neprofitno, humanitarno udru\u017eenje osoba o\u0161te\u0107enog vida<\/td>\n<\/tr>\n<tr>\n<td width=\"310\">Organi organizacije<\/td>\n<td width=\"332\">Zborovi \u010dlanstva;<\/p>\n<p>Skup\u0161tina organizacije;<\/p>\n<p>Upravni odbor Organizacije;<\/p>\n<p>Nadzorni odbor Organizacije;<\/p>\n<p>Predsjednik kao lice ovla\u0161\u0107eno za zastupanje.<\/td>\n<\/tr>\n<tr>\n<td width=\"310\">Ciljevi organizacije<\/td>\n<td width=\"332\">Evidentiranje slijepih i slabovidih na podru\u010dju Op\u0161tine Pljevlja i \u017dabljak, pomo\u0107 slijepoj djeci i omladini u obrazovnom procesu, u saradnji sa nadle\u017enim organima pru\u017eanje pomo\u0107i u zapo\u0161ljavanju ove kategorije stanovni\u0161tva, integracije u lokalnu zajednicu, predlaganje mjera za pobolj\u0161anje materijalnog polo\u017eaja, zdravstvene za\u0161tite, pomo\u0107 u ostvarivanju prava, organizovanje odmora, stvaranje uslova za razli\u010dite vrste aktivnosti \u2013 kulturne, umjetni\u010dke, sportske, rekreativne&#8230; Ciljevi se odnose i na djelatnost Brajeve \u0161tamparije po zakonu o za\u0161titi potro\u0161a\u010da \u2013 \u0161tampanje naljepnica i bro\u0161ura za prehrambene proizvode, hemiju i sl. Razvijanje informativne djelatnosti kao \u0161to je osnivanje i izdavanje \u010dasopisa na Brajevom pismu.<\/td>\n<\/tr>\n<\/tbody>\n<\/table>\n<p>&nbsp;<\/p>\n","protected":false},"excerpt":{"rendered":"<p>&nbsp; &nbsp; Naziv organizacije NVO Organizacija slijepih za Pljevlja i \u017dabljak Adresa Ul.Pavla Bulatovi\u0107a bb-SD Ada, 84 210 Pljevlja PIB 02023857 Reg. broj 435 Predsjednica&#8230;<\/p>\n<div class=\"more-link-wrapper\"><a class=\"more-link\" href=\"https:\/\/ss-cg.org\/?page_id=221\">Op\u0161irnije<span class=\"screen-reader-text\">Organizacija slijepih za Pljevlja i \u017dabljak<\/span><\/a><\/div>\n","protected":false},"author":1,"featured_media":0,"parent":0,"menu_order":0,"comment_status":"closed","ping_status":"closed","template":"","meta":{"footnotes":""},"class_list":["post-221","page","type-page","status-publish","hentry","ratio-2-1","entry"],"_links":{"self":[{"href":"https:\/\/ss-cg.org\/index.php?rest_route=\/wp\/v2\/pages\/221","targetHints":{"allow":["GET"]}}],"collection":[{"href":"https:\/\/ss-cg.org\/index.php?rest_route=\/wp\/v2\/pages"}],"about":[{"href":"https:\/\/ss-cg.org\/index.php?rest_route=\/wp\/v2\/types\/page"}],"author":[{"embeddable":true,"href":"https:\/\/ss-cg.org\/index.php?rest_route=\/wp\/v2\/users\/1"}],"replies":[{"embeddable":true,"href":"https:\/\/ss-cg.org\/index.php?rest_route=%2Fwp%2Fv2%2Fcomments&post=221"}],"version-history":[{"count":3,"href":"https:\/\/ss-cg.org\/index.php?rest_route=\/wp\/v2\/pages\/221\/revisions"}],"predecessor-version":[{"id":444,"href":"https:\/\/ss-cg.org\/index.php?rest_route=\/wp\/v2\/pages\/221\/revisions\/444"}],"wp:attachment":[{"href":"https:\/\/ss-cg.org\/index.php?rest_route=%2Fwp%2Fv2%2Fmedia&parent=221"}],"curies":[{"name":"wp","href":"https:\/\/api.w.org\/{rel}","templated":true}]}}