{"id":219,"date":"2020-02-29T14:47:38","date_gmt":"2020-02-29T14:47:38","guid":{"rendered":"https:\/\/ss-cg.org\/?page_id=219"},"modified":"2020-04-14T11:13:54","modified_gmt":"2020-04-14T11:13:54","slug":"organizacija-slijepih-za-niksic-savnik-i-pluzine","status":"publish","type":"page","link":"https:\/\/ss-cg.org\/?page_id=219","title":{"rendered":"Organizacija slijepih za Nik\u0161i\u0107, \u0160avnik i Plu\u017eine"},"content":{"rendered":"<p><img loading=\"lazy\" decoding=\"async\" class=\"alignnone size-medium wp-image-486\" src=\"https:\/\/ss-cg.org\/wp-content\/uploads\/2020\/04\/FFC93211-7611-418F-A5C4-176E22A2F0F5-300x300.jpeg\" alt=\"\" width=\"300\" height=\"300\" srcset=\"https:\/\/ss-cg.org\/wp-content\/uploads\/2020\/04\/FFC93211-7611-418F-A5C4-176E22A2F0F5-300x300.jpeg 300w, https:\/\/ss-cg.org\/wp-content\/uploads\/2020\/04\/FFC93211-7611-418F-A5C4-176E22A2F0F5-150x150.jpeg 150w, https:\/\/ss-cg.org\/wp-content\/uploads\/2020\/04\/FFC93211-7611-418F-A5C4-176E22A2F0F5.jpeg 720w\" sizes=\"auto, (max-width: 300px) 100vw, 300px\" \/>Organizacija slijepih za Nik\u0161i\u0107, \u0160avnik i Plu\u017eine osnovana je 1. juna 1948. god. sa sjedi\u0161tem u Nik\u0161i\u0107u. Organizacija se nalazi u ul. Radoja Daki\u0107a bb gdje je od Op\u0161tine Nik\u0161i\u0107 dobila kancelariju na kori\u0161\u0107enje bez nadoknade. Rad i aktivnosti organizacije se finansiraju iz donacija i pomo\u0107i donatorskih i drugih organizacija i pojedinaca. Organizacija okuplja 65 lica sa o\u0161te\u0107enjem vida sa podru\u010dja ove tri op\u0161tine. Sa ostalim organizacijama koje djeluju na podru\u010djima jedne ili vi\u0161e op\u0161tina organizacija je dio Saveza slijepih Crne Gore koji poma\u017ee u ostvarivanju ciljeva ovih organizacija.<\/p>\n<p>Vizija organizacije je: Dru\u0161tvo jednakih mogu\u0107nosti za sve gra\u0111ane<\/p>\n<p>Misija organizacije je: Unapre\u0111enje kvaliteta \u017eivota osoba sa o\u0161te\u0107enim vidom kroz sprovo\u0111enje inicijativa i projekata koji su usmjereni na promjenu pravnih propisa, unapre\u0111ivanje kvaliteta obrazovnog, zdravstvenog, sistema zapo\u0161ljavanja i ostalih segmenata dru\u0161tvenog \u017eivota.<\/p>\n<p>Organizacija slijepih za Nik\u0161i\u0107, \u0160avnik i Plu\u017eine radi na ostvarivanju slede\u0107ih ciljeva i aktivnosti:<\/p>\n<p>\u2013 radi na otkrivanju i evidentiranju LICA SA O\u0160TE\u0106ENIM VIDOM na svom podru\u010dju i njihovom u\u010dlanjivanju u organizaciju<\/p>\n<p>\u2013 u saradnji sa drugim nadle\u017enim organima preduzima mjere preventivne prirode radi otklanjanja uzroka koji dovode do smanjenja ili gubitka vida i slu\u010dajevima gdje je to mogu\u0107e preduzima ili predla\u017ee mjere radi lije\u010denja<\/p>\n<p>\u2013 vodi evidenciju o socijalno- ekonomskom stanju \u010dlanstva, uzroku i stepenu gubitka vida, vrsti, obimu i stanju socijalnih potreba LICA SA O\u0160TE\u0106ENJEM VIDA<\/p>\n<p>\u2013 pokre\u0107e inicijative i predla\u017ee nadle\u017enim organima dono\u0161enje novih ili izmjenu postoje\u0107ih propisa u oblasti socijalne i druge za\u0161titeosoba sa o\u0161te\u0107enjem vida<\/p>\n<p>\u2013 organizuje i stvara uslove za bavljenje kulturno-prosvjetnim, umjetni\u010dkim, sportsko-rekreativnim, \u0161kolskim i drugim amaterskim i dru\u0161tveno-zabavnim aktivnostima radi svestranog razvoja li\u010dnosti ljudi sa o\u0161te\u0107enjem vida i njihovo uklju\u010divanje u dru\u0161tvene tokove<\/p>\n<p>\u2013 putem sredstava javnog informisanja informi\u0161e i upoznaje javnost sa mogu\u0107nostima i potrebama lica sa o\u0161te\u0107enim vidom. itd.<\/p>\n<p>Organizacija je u vi\u0161e od 70 godina svog postojanja sprovela veliki broj projekata koji su se realizovali kroz redovne aktivnosti. Do 2004 god. Organizacija je dobijala finansijska sredstva iz bud\u017eeta Op\u0161tine tako da nije pripremala i podnosila projekte u obliku u kojem\u00a0 se danas koriste kod raznih donatora ve\u0107 je na osnovu godi\u0161njih programa rada dobijala sredstva. Projekte odnosno aktivnosti koje je sprovodila u dosada\u0161njem radu se mogu nabrojati po vrsti a naro\u010dito bi istakli slede\u0107e:<\/p>\n<p>\u2013 pru\u017eanje stru\u010dne i pravne pomo\u0107i \u010dlanovima u cilju ostvarivanja raznih prava koja im pripadaju<\/p>\n<p>\u2013 podsticanje i pru\u017eanje pomo\u0107i tokom \u0161kolovanja i zapo\u0161ljavanja<\/p>\n<p>\u2013 organizovanje raznih kulturno-umjetni\u010dkih i sportskih manifestacija u kojima su u\u010destvovali \u010dlanovi.<\/p>\n<ul>\n<li>pru\u017eanje pomo\u0107i u novcu i naturi socijalno najugro\u017eenijim \u010dlanovima itd.<\/li>\n<\/ul>\n<p>&nbsp;<\/p>\n<p>Prvi smo u Crnoj Gori pokrenuli projekat \u00bbAudio biblioteka\u00ab koji ima za cilj da se u\u010dine dostupnim razli\u010dite vrste literature za osobe sa o\u0161te\u0107enim vidom.<\/p>\n<p>Organizacija slijepih je u partnerstvu sa udru\u017eenjem \u00bbPlegije\u00ab iz Nik\u0161i\u0107a po prvi put u Crnoj Gori realizovala pilot projekat \u00bbServis personalne asistencije\u00ab \u010diji su korisnici bile osobe sa o\u0161te\u0107enim vidom i osobe sa tjelesnim invaliditetom. Projekat je pokazao da je personalna asistencija jedan od najbitnijih servisa podr\u0161ke i da je od neprocjenjivog zna\u010daja za osobe sa invaliditetom.<\/p>\n<p>Od avgusta 2011. \u2013 do jula 2012. godine realizovali smo projekat \u00bbBrajevo pismo . klju\u010d kvalitetnog obrazovanja\u00ab. Cilj projekta je bilo pobolj\u0161anje uslova za obrazovanje djece sa o\u0161te\u0107enim vidom u osnovnim \u0161kolama. U okviru projekta organizovali smo 20 dvodnevnih seminara za 280 u\u010ditelja\/ica iz 27 osnovnih \u0161kola koliko ih ukupno ima na podru\u010dju Nik\u0161i\u0107a, \u0160avnika i Plu\u017eina. Na seminarima\u00a0 su se u\u010desnici upoznali sa\u00a0 rezultatima aktivnosti koje je Crna Gora do tada realizovala u oblasti inkluzivnog obrazovanja, individualnim razvojnim obrazovnim planovima, kao i sa brajevim pismom koje su u\u010desnici nau\u010dili da \u010ditaju i pi\u0161u. Projekat je finansiran od strane USAID\/ORT-a.<\/p>\n<p>Od jula 2012. Do jula 2013. Godine\u00a0 realizovan je projekat \u00bbVolonterski servis audio biblioteka\u00ab koji je finansiran od strane ORT-a, a koji je imao za cilj unapre\u0111enje rada audio biblioteke kao jednog od va\u017enih\u00a0 na\u010dina podr\u0161ke osobama sa o\u0161te\u0107enim vidom\u00a0 u pristupa\u010dnosti informacijama , naro\u010dito u toku obrazovanja. Kroz ovaj projekat smo oja\u010dali sopstvene kapacitete u sprovo\u0111enju volonterskih aktivnosti, a jedan od rezultata je i dobijanje akreditacije\u00a0\u00a0\u00a0\u00a0 za razmjenu tj. prijem i slanje na\u0161ih volontera u druge dr\u017eave.<\/p>\n<p>U novembru 2013. godine smo sve\u010dano otvorili\u00a0 resursni centar za asistivne tehnologije\u00a0 koji je finansiran od strane USAID-a, a predstavlja krunu uspje\u0161ne saradnje na\u0161e organizacije i USAID-a. Sredstva u iznosu od 40000,00$ koje je USAID donirao Organizaciji slijepih\u00a0 je iskori\u0161\u0107en za nabavku preko 80 savremenih pomagala\u00a0 za osobe sa o\u0161te\u0107enim vidom. Pomagala koja se nalaze u resursnom centru imaju primjenu u razli\u010ditim oblastima \u017eivota i to: obrazovanju, obavljanju ku\u0107anskih poslova, zadovoljavanju medicinskih potreba, sportsko-rekreativnim aktivnostima, samostalnom kretanju, samostalnom\u00a0 kori\u0161\u0107enju ra\u010dunara, \u0161tampanju\u00a0 tekstova na brajevom pismu, izradi reljefnih slika i sli\u010dno. Svrha resursnog centra za asistivne tehnologije za osobe sa o\u0161te\u0107enim vidom je\u00a0\u00a0 da se omogu\u0107i ovim osobama da se informi\u0161u o razli\u010ditim pomagalima koja im mogu pomo\u0107i u prevazila\u017eenju prepreka u svakodnevnom \u017eivotu. U resursnom centru, ove osobe mogu da\u00a0 dobiju informacije o tome\u00a0 koja sve pomagala postoje, kako se ona koriste i ako imaju potrebu\u00a0 za nekim od pomagala da ih nabave.<\/p>\n<p>Organizacija slijepih\u00a0 za Nik\u0161i\u0107, \u0160avnik i Plu\u017eine je osnovala i\u00a0 preduze\u0107e \u00bbTiflomont\u00ab koje se bavi nabavkom\u00a0 pomagala, \u0161tampanjem\u00a0 materijala na brajevom pismu, naro\u010dito\u00a0 naljepnica i bro\u0161ura za potrebe trgovaca koji su obavezni da po Zakonu o za\u0161titi potro\u0161a\u010da informacije o odre\u0111enim proizvodima obilje\u017eavaju na brajevom pismu, zatim naljepnica\u00a0 sa nazivima institucija i pravnih lica i podacima o njihovom radnom vremenu, a \u0161to je obaveza u skladu sa Zakonom o zabrani diskriminacije lica sa invaliditetom i na kraju izradom orjentacionih planova na standardnom i brajevom pismu.<\/p>\n<p>Aktivnosti u oblasti sporta su tako\u0111e jedan od prioriteta u na\u0161em radu, pa smo\u00a0 tako prvo formirali goalball sekciju, a od\u00a0 prije nekoliko godina i prvi goalball klub u Crnoj Gori \u00bbGoalball klub Nik\u0161i\u0107\u00ab. Goalball je\u00a0 paraolimpijska disciplina za osobe sa o\u0161te\u0107enim vidom i specifi\u010dna je po tome \u0161to je to jedina disciplina koja je u programu paraolimpijskih , a nije na programu olimpijskih igara. Radi se o sportskoj igri koja se igra sa zvu\u010dnom loptom\u00a0\u00a0 na terenu dimenzija odbojkaskog\u00a0 terena u zatvorenim salama. Igra\u010di na\u0161eg goalball kluba \u010dine okosnicu crnogorske goalball reprezentacije koja\u00a0 posti\u017ee zapa\u017eene rezultate na me\u0111unarodnom nivou. .<\/p>\n<p>Od 2017. Godine u okviru na\u0161e organizacije rad i dru\u0161tveni klub za osobe sa o\u0161te\u0107enim vidom koji je pokrenut kroz projekat finansiran od sredstava od igara na sre\u0107u. Radi se o\u00a0 moderno opremljenom prostoru u kome se okupljaju na\u0161i \u010dlanovi, razmjenjuju\u00a0 iskustva o prevazila\u017eenju\u00a0 svakodnevnih prepreka, igraju razli\u010dite dru\u0161tvene igre, gledaju TV, koriste\u00a0 internet i na kraju\u00a0 igraju govorni pikado\u00a0 kao jednu od interesantnih igara\u00a0 u kojoj se \u010dlanovi na\u0161e organizacije\u00a0 takmi\u010de\u00a0 na razli\u010ditim me\u0111unarodnim turnirima u pikadu koji se organizuju u regionu.<\/p>\n<p>Ovo su samo neke od zna\u010dajnijih aktivnosti koje smo do sada realizovali jer je te\u0161ko nabrojati sve aktivnosti koje smo do sad realizovali. Rezultati rada, iskustvo u radu koje imaju ljudi koji vode Organizaciju kao i dobar imid\u017e koji je Organizacija stekla u preko 70 godina svog postojanja predstavljaju garanciju o postojanju potencijala i sposobnosti da realizujemo sve planirane aktivnosti, kako uz pomo\u0107 svojih kapaciteta tako i anga\u017eovanjem osoba koje su stru\u010dne za realizaciju planiranih aktivnosti.<\/p>\n<p>&nbsp;<\/p>\n<p>Kontakti:<\/p>\n<p>Adresa: Ul. Radoja Daki\u0107a bb,<\/p>\n<p>Po\u0161tanski broj: 81400 Nik\u0161i\u0107<\/p>\n<p>Tel\/Fax: +382 (0)40\/212-504<\/p>\n<p>e-mail: <a href=\"mailto:osnk@t-com.me\">osnk@t-com.me<\/a><\/p>\n<p>Kontakt osoba: Goran Macanovi\u0107, Predsjednik Organizacije<\/p>\n","protected":false},"excerpt":{"rendered":"<p>Organizacija slijepih za Nik\u0161i\u0107, \u0160avnik i Plu\u017eine osnovana je 1. juna 1948. god. sa sjedi\u0161tem u Nik\u0161i\u0107u. Organizacija se nalazi u ul. Radoja Daki\u0107a bb&#8230;<\/p>\n<div class=\"more-link-wrapper\"><a class=\"more-link\" href=\"https:\/\/ss-cg.org\/?page_id=219\">Op\u0161irnije<span class=\"screen-reader-text\">Organizacija slijepih za Nik\u0161i\u0107, \u0160avnik i Plu\u017eine<\/span><\/a><\/div>\n","protected":false},"author":1,"featured_media":486,"parent":0,"menu_order":0,"comment_status":"closed","ping_status":"closed","template":"","meta":{"footnotes":""},"class_list":["post-219","page","type-page","status-publish","has-post-thumbnail","hentry","ratio-2-1","entry"],"_links":{"self":[{"href":"https:\/\/ss-cg.org\/index.php?rest_route=\/wp\/v2\/pages\/219","targetHints":{"allow":["GET"]}}],"collection":[{"href":"https:\/\/ss-cg.org\/index.php?rest_route=\/wp\/v2\/pages"}],"about":[{"href":"https:\/\/ss-cg.org\/index.php?rest_route=\/wp\/v2\/types\/page"}],"author":[{"embeddable":true,"href":"https:\/\/ss-cg.org\/index.php?rest_route=\/wp\/v2\/users\/1"}],"replies":[{"embeddable":true,"href":"https:\/\/ss-cg.org\/index.php?rest_route=%2Fwp%2Fv2%2Fcomments&post=219"}],"version-history":[{"count":4,"href":"https:\/\/ss-cg.org\/index.php?rest_route=\/wp\/v2\/pages\/219\/revisions"}],"predecessor-version":[{"id":488,"href":"https:\/\/ss-cg.org\/index.php?rest_route=\/wp\/v2\/pages\/219\/revisions\/488"}],"wp:featuredmedia":[{"embeddable":true,"href":"https:\/\/ss-cg.org\/index.php?rest_route=\/wp\/v2\/media\/486"}],"wp:attachment":[{"href":"https:\/\/ss-cg.org\/index.php?rest_route=%2Fwp%2Fv2%2Fmedia&parent=219"}],"curies":[{"name":"wp","href":"https:\/\/api.w.org\/{rel}","templated":true}]}}