{"id":208,"date":"2020-02-29T14:44:51","date_gmt":"2020-02-29T14:44:51","guid":{"rendered":"https:\/\/ss-cg.org\/?page_id=208"},"modified":"2025-05-05T12:02:50","modified_gmt":"2025-05-05T12:02:50","slug":"strucna-sluzba","status":"publish","type":"page","link":"https:\/\/ss-cg.org\/?page_id=208","title":{"rendered":"Stru\u010dna slu\u017eba"},"content":{"rendered":"<p><em><strong>AN\u0110ELA DRAGOVI\u0106<\/strong><\/em><\/p>\n<p>U nastavku mo\u017eete pogledati i preuzeti biografiju &#8211;\u00a0<a href=\"https:\/\/ss-cg.org\/wp-content\/uploads\/2021\/04\/Andjela-Dragovic-CV.docx\">An\u0111ela Dragovi\u0107<\/a><\/p>\n<p><img loading=\"lazy\" decoding=\"async\" class=\"alignnone size-medium wp-image-2345\" src=\"https:\/\/ss-cg.org\/wp-content\/uploads\/2021\/04\/IMG_1864-300x169.jpg\" alt=\"\" width=\"300\" height=\"169\" srcset=\"https:\/\/ss-cg.org\/wp-content\/uploads\/2021\/04\/IMG_1864-300x169.jpg 300w, https:\/\/ss-cg.org\/wp-content\/uploads\/2021\/04\/IMG_1864-768x431.jpg 768w, https:\/\/ss-cg.org\/wp-content\/uploads\/2021\/04\/IMG_1864.jpg 899w\" sizes=\"auto, (max-width: 300px) 100vw, 300px\" \/><\/p>\n<p><em><strong>DEJANA GA\u010cEVI\u0106 <\/strong><\/em><\/p>\n<p>U nastavku mo\u017eete pogledati i preuzeti biografiju &#8211;\u00a0<a href=\"https:\/\/ss-cg.org\/wp-content\/uploads\/2021\/04\/Dejana-Gacevic-CV.docx\">Dejana Ga\u010devi\u0107<\/a><\/p>\n<p><img loading=\"lazy\" decoding=\"async\" class=\"alignnone size-medium wp-image-2969\" src=\"https:\/\/ss-cg.org\/wp-content\/uploads\/2021\/12\/Dejana-Gacevic-slika-225x300.jpg\" alt=\"\" width=\"225\" height=\"300\" srcset=\"https:\/\/ss-cg.org\/wp-content\/uploads\/2021\/12\/Dejana-Gacevic-slika-225x300.jpg 225w, https:\/\/ss-cg.org\/wp-content\/uploads\/2021\/12\/Dejana-Gacevic-slika-768x1024.jpg 768w, https:\/\/ss-cg.org\/wp-content\/uploads\/2021\/12\/Dejana-Gacevic-slika-1152x1536.jpg 1152w, https:\/\/ss-cg.org\/wp-content\/uploads\/2021\/12\/Dejana-Gacevic-slika.jpg 1200w\" sizes=\"auto, (max-width: 225px) 100vw, 225px\" \/><\/p>\n<p><em><strong>DRAGANA LAZOVI\u0106 <\/strong><\/em><\/p>\n<p>U nastavku mo\u017eete pogledati i preuzeti biografiju &#8211;\u00a0<a href=\"https:\/\/ss-cg.org\/wp-content\/uploads\/2021\/04\/Dragana-CV.docx\">Dragana Lazovi\u0107<\/a><\/p>\n<p><img loading=\"lazy\" decoding=\"async\" class=\"alignnone size-medium wp-image-2389\" src=\"https:\/\/ss-cg.org\/wp-content\/uploads\/2021\/04\/IMG_0471-224x300.jpg\" alt=\"\" width=\"224\" height=\"300\" srcset=\"https:\/\/ss-cg.org\/wp-content\/uploads\/2021\/04\/IMG_0471-224x300.jpg 224w, https:\/\/ss-cg.org\/wp-content\/uploads\/2021\/04\/IMG_0471.jpg 499w\" sizes=\"auto, (max-width: 224px) 100vw, 224px\" \/><\/p>\n<p><em><strong>KATARINA BIGOVI\u0106 KULI\u0106<\/strong><\/em><\/p>\n<p>U nastavku mo\u017eete pogledati i preuzeti biografiju &#8211;\u00a0<a href=\"https:\/\/ss-cg.org\/wp-content\/uploads\/2021\/03\/Katarina-Bigovic-CV-i-fotografija-za-sajt-ss-cg.org_.docx\">Katarina Bigovi\u0107 Kuli\u0107<\/a><\/p>\n<p><img loading=\"lazy\" decoding=\"async\" class=\"alignnone size-full wp-image-2338\" src=\"https:\/\/ss-cg.org\/wp-content\/uploads\/2021\/04\/iimm.jpg\" alt=\"\" width=\"175\" height=\"263\" \/><\/p>\n<p>&nbsp;<\/p>\n<p><em><strong>MARIJANA GORANOVI\u0106<\/strong><\/em><\/p>\n<p>U nastavku mo\u017eete pogledati i preuzeti biografiju &#8211; <a href=\"https:\/\/ss-cg.org\/wp-content\/uploads\/2021\/04\/Marijana-Goranovic-CV.docx\">Marijana Goranovi\u0107<\/a><\/p>\n<p><img loading=\"lazy\" decoding=\"async\" class=\"alignnone size-medium wp-image-2346\" src=\"https:\/\/ss-cg.org\/wp-content\/uploads\/2021\/04\/SLIKA-AAAA-240x300.jpg\" alt=\"\" width=\"240\" height=\"300\" srcset=\"https:\/\/ss-cg.org\/wp-content\/uploads\/2021\/04\/SLIKA-AAAA-240x300.jpg 240w, https:\/\/ss-cg.org\/wp-content\/uploads\/2021\/04\/SLIKA-AAAA.jpg 768w\" sizes=\"auto, (max-width: 240px) 100vw, 240px\" \/><\/p>\n<p><em><strong>MARIJANA MUGO\u0160A<\/strong><\/em><\/p>\n<p>U nastavku mo\u017eete pogledati i preuzeti biografiju &#8211; <a href=\"https:\/\/ss-cg.org\/wp-content\/uploads\/2021\/04\/Biografija-Marijana-Mugosa.doc\">Marijana Mugo\u0161a\u00a0<\/a><\/p>\n<p><img loading=\"lazy\" decoding=\"async\" class=\"alignnone size-full wp-image-5217\" src=\"https:\/\/ss-cg.org\/wp-content\/uploads\/2025\/05\/Maja-Mugosa.jpg\" alt=\"\" width=\"200\" height=\"215\" \/><\/p>\n<p><em><strong>MARKO NIKOLI\u0106<\/strong><\/em><\/p>\n<p>U nastavku mo\u017eete pogledati i preuzeti biografiju &#8211;\u00a0<a href=\"https:\/\/ss-cg.org\/wp-content\/uploads\/2021\/04\/CV-MARKO-NIKOLIC-1.docx\">Marko Nikoli\u0107<\/a><\/p>\n<p><img loading=\"lazy\" decoding=\"async\" class=\"alignnone size-medium wp-image-2340\" src=\"https:\/\/ss-cg.org\/wp-content\/uploads\/2021\/04\/CV-Marko-Nikolic-300x300.jpg\" alt=\"\" width=\"300\" height=\"300\" srcset=\"https:\/\/ss-cg.org\/wp-content\/uploads\/2021\/04\/CV-Marko-Nikolic-300x300.jpg 300w, https:\/\/ss-cg.org\/wp-content\/uploads\/2021\/04\/CV-Marko-Nikolic-150x150.jpg 150w, https:\/\/ss-cg.org\/wp-content\/uploads\/2021\/04\/CV-Marko-Nikolic-768x768.jpg 768w, https:\/\/ss-cg.org\/wp-content\/uploads\/2021\/04\/CV-Marko-Nikolic.jpg 960w\" sizes=\"auto, (max-width: 300px) 100vw, 300px\" \/><\/p>\n<p><em><strong>MILOJKA TMU\u0160I\u0106<\/strong><\/em><\/p>\n<p>U nastavku mo\u017eete pogledati i preuzeti biografiju &#8211; <a href=\"https:\/\/ss-cg.org\/wp-content\/uploads\/2021\/04\/Milojka-CV.docx\">Milojka Tmu\u0161i\u0107<\/a><\/p>\n<p><img loading=\"lazy\" decoding=\"async\" class=\"alignnone size-medium wp-image-2344\" src=\"https:\/\/ss-cg.org\/wp-content\/uploads\/2021\/04\/IMG-dbfe45c7d6c5eaee86f8aa9ac169cc0c-V-300x300.jpg\" alt=\"\" width=\"300\" height=\"300\" srcset=\"https:\/\/ss-cg.org\/wp-content\/uploads\/2021\/04\/IMG-dbfe45c7d6c5eaee86f8aa9ac169cc0c-V-300x300.jpg 300w, https:\/\/ss-cg.org\/wp-content\/uploads\/2021\/04\/IMG-dbfe45c7d6c5eaee86f8aa9ac169cc0c-V-1024x1024.jpg 1024w, https:\/\/ss-cg.org\/wp-content\/uploads\/2021\/04\/IMG-dbfe45c7d6c5eaee86f8aa9ac169cc0c-V-150x150.jpg 150w, https:\/\/ss-cg.org\/wp-content\/uploads\/2021\/04\/IMG-dbfe45c7d6c5eaee86f8aa9ac169cc0c-V-768x768.jpg 768w, https:\/\/ss-cg.org\/wp-content\/uploads\/2021\/04\/IMG-dbfe45c7d6c5eaee86f8aa9ac169cc0c-V-1536x1536.jpg 1536w, https:\/\/ss-cg.org\/wp-content\/uploads\/2021\/04\/IMG-dbfe45c7d6c5eaee86f8aa9ac169cc0c-V.jpg 1600w\" sizes=\"auto, (max-width: 300px) 100vw, 300px\" \/><\/p>\n<p>&nbsp;<\/p>\n<p><em style=\"color: #666666; background-color: #ffffff;\"><strong>NEMANJA VLAHOVI\u0106<\/strong><\/em><\/p>\n<p>U nastavku mo\u017eete pogledati i preuzeti biografiju &#8211; <a href=\"https:\/\/ss-cg.org\/wp-content\/uploads\/2021\/04\/Nemanja-CV.docx\">Nemanja Vlahovi\u0107<\/a><\/p>\n<p><img loading=\"lazy\" decoding=\"async\" class=\"alignnone size-medium wp-image-2385\" src=\"https:\/\/ss-cg.org\/wp-content\/uploads\/2021\/04\/Nemanja-Vlahovic-slika-300x300.jpg\" alt=\"\" width=\"300\" height=\"300\" srcset=\"https:\/\/ss-cg.org\/wp-content\/uploads\/2021\/04\/Nemanja-Vlahovic-slika-300x300.jpg 300w, https:\/\/ss-cg.org\/wp-content\/uploads\/2021\/04\/Nemanja-Vlahovic-slika-150x150.jpg 150w, https:\/\/ss-cg.org\/wp-content\/uploads\/2021\/04\/Nemanja-Vlahovic-slika-768x768.jpg 768w, https:\/\/ss-cg.org\/wp-content\/uploads\/2021\/04\/Nemanja-Vlahovic-slika.jpg 850w\" sizes=\"auto, (max-width: 300px) 100vw, 300px\" \/><\/p>\n<p><em><strong>NEVENKA VLAHOVI\u0106<\/strong><\/em><\/p>\n<p>U nastavku mo\u017eete pogledati i preuzeti biografiju &#8211; <a href=\"https:\/\/ss-cg.org\/wp-content\/uploads\/2021\/04\/Nena-CV.docx\">Nevenka Nena Vlahovi\u0107<\/a><\/p>\n<p><img loading=\"lazy\" decoding=\"async\" class=\"alignnone size-medium wp-image-5218\" src=\"https:\/\/ss-cg.org\/wp-content\/uploads\/2025\/05\/Nena-Vlahovic-297x300.jpg\" alt=\"\" width=\"297\" height=\"300\" srcset=\"https:\/\/ss-cg.org\/wp-content\/uploads\/2025\/05\/Nena-Vlahovic-297x300.jpg 297w, https:\/\/ss-cg.org\/wp-content\/uploads\/2025\/05\/Nena-Vlahovic-1014x1024.jpg 1014w, https:\/\/ss-cg.org\/wp-content\/uploads\/2025\/05\/Nena-Vlahovic-768x776.jpg 768w, https:\/\/ss-cg.org\/wp-content\/uploads\/2025\/05\/Nena-Vlahovic-1521x1536.jpg 1521w, https:\/\/ss-cg.org\/wp-content\/uploads\/2025\/05\/Nena-Vlahovic.jpg 1995w\" sizes=\"auto, (max-width: 297px) 100vw, 297px\" \/><\/p>\n<p><em><strong>NIKOLINA MILJI\u0106\u00a0<\/strong><\/em><\/p>\n<p>U nastavku mo\u017eete pogledati i preuzeti biografiju &#8211; <a href=\"https:\/\/ss-cg.org\/wp-content\/uploads\/2021\/12\/BIOGRAFIJA-NINICA.docx\">Nikolina Milji\u0107<\/a><\/p>\n<p><img loading=\"lazy\" decoding=\"async\" class=\"alignnone size-medium wp-image-2957\" src=\"https:\/\/ss-cg.org\/wp-content\/uploads\/2021\/12\/IMG_20211218_213343_333-298x300.jpg\" alt=\"\" width=\"298\" height=\"300\" srcset=\"https:\/\/ss-cg.org\/wp-content\/uploads\/2021\/12\/IMG_20211218_213343_333-298x300.jpg 298w, https:\/\/ss-cg.org\/wp-content\/uploads\/2021\/12\/IMG_20211218_213343_333-1016x1024.jpg 1016w, https:\/\/ss-cg.org\/wp-content\/uploads\/2021\/12\/IMG_20211218_213343_333-150x150.jpg 150w, https:\/\/ss-cg.org\/wp-content\/uploads\/2021\/12\/IMG_20211218_213343_333-768x774.jpg 768w, https:\/\/ss-cg.org\/wp-content\/uploads\/2021\/12\/IMG_20211218_213343_333-1523x1536.jpg 1523w, https:\/\/ss-cg.org\/wp-content\/uploads\/2021\/12\/IMG_20211218_213343_333.jpg 1561w\" sizes=\"auto, (max-width: 298px) 100vw, 298px\" \/><\/p>\n<p><em><strong>ZIJADIN PERO\u010cEVI\u0106<\/strong><\/em><\/p>\n<p>U nastvaku mo\u017eete pogledati i preuzeti biografiju &#8211;\u00a0<a href=\"https:\/\/ss-cg.org\/wp-content\/uploads\/2021\/04\/Zijo-CV.docx\">Zijadin Pero\u010devi\u0107<\/a><\/p>\n<p><img loading=\"lazy\" decoding=\"async\" class=\"alignnone size-medium wp-image-2373\" src=\"https:\/\/ss-cg.org\/wp-content\/uploads\/2021\/04\/Zijo-Perocevic-300x300.jpg\" alt=\"\" width=\"300\" height=\"300\" srcset=\"https:\/\/ss-cg.org\/wp-content\/uploads\/2021\/04\/Zijo-Perocevic-300x300.jpg 300w, https:\/\/ss-cg.org\/wp-content\/uploads\/2021\/04\/Zijo-Perocevic-150x150.jpg 150w, https:\/\/ss-cg.org\/wp-content\/uploads\/2021\/04\/Zijo-Perocevic-768x768.jpg 768w, https:\/\/ss-cg.org\/wp-content\/uploads\/2021\/04\/Zijo-Perocevic.jpg 885w\" sizes=\"auto, (max-width: 300px) 100vw, 300px\" \/><\/p>\n","protected":false},"excerpt":{"rendered":"<p>AN\u0110ELA DRAGOVI\u0106 U nastavku mo\u017eete pogledati i preuzeti biografiju &#8211;\u00a0An\u0111ela Dragovi\u0107 DEJANA GA\u010cEVI\u0106 U nastavku mo\u017eete pogledati i preuzeti biografiju &#8211;\u00a0Dejana Ga\u010devi\u0107 DRAGANA LAZOVI\u0106 U&#8230;<\/p>\n<div class=\"more-link-wrapper\"><a class=\"more-link\" href=\"https:\/\/ss-cg.org\/?page_id=208\">Op\u0161irnije<span class=\"screen-reader-text\">Stru\u010dna slu\u017eba<\/span><\/a><\/div>\n","protected":false},"author":1,"featured_media":0,"parent":0,"menu_order":0,"comment_status":"closed","ping_status":"closed","template":"","meta":{"footnotes":""},"class_list":["post-208","page","type-page","status-publish","hentry","ratio-2-1","entry"],"_links":{"self":[{"href":"https:\/\/ss-cg.org\/index.php?rest_route=\/wp\/v2\/pages\/208","targetHints":{"allow":["GET"]}}],"collection":[{"href":"https:\/\/ss-cg.org\/index.php?rest_route=\/wp\/v2\/pages"}],"about":[{"href":"https:\/\/ss-cg.org\/index.php?rest_route=\/wp\/v2\/types\/page"}],"author":[{"embeddable":true,"href":"https:\/\/ss-cg.org\/index.php?rest_route=\/wp\/v2\/users\/1"}],"replies":[{"embeddable":true,"href":"https:\/\/ss-cg.org\/index.php?rest_route=%2Fwp%2Fv2%2Fcomments&post=208"}],"version-history":[{"count":36,"href":"https:\/\/ss-cg.org\/index.php?rest_route=\/wp\/v2\/pages\/208\/revisions"}],"predecessor-version":[{"id":5219,"href":"https:\/\/ss-cg.org\/index.php?rest_route=\/wp\/v2\/pages\/208\/revisions\/5219"}],"wp:attachment":[{"href":"https:\/\/ss-cg.org\/index.php?rest_route=%2Fwp%2Fv2%2Fmedia&parent=208"}],"curies":[{"name":"wp","href":"https:\/\/api.w.org\/{rel}","templated":true}]}}